{"id":63,"date":"2013-03-21T22:32:38","date_gmt":"2013-03-21T21:32:38","guid":{"rendered":"http:\/\/szufladka.com.pl\/?page_id=63"},"modified":"2022-07-24T22:44:14","modified_gmt":"2022-07-24T20:44:14","slug":"o-autorze","status":"publish","type":"page","link":"https:\/\/szufladka.com.pl\/?page_id=63","title":{"rendered":"O autorze"},"content":{"rendered":"<p>Emocje w s\u0142owach.<\/p>\n<p>Zatrzymuje mnie moment, uwaga, spojrzenie, sytuacja. Znajd\u0105 si\u0119 tutaj w s\u0142owach.<\/p>\n<p>Gdyby co\u015b to mo\u017cna mnie znale\u017a\u0107 tutaj monika@szufladka.com.pl<\/p>\n","protected":false},"excerpt":{"rendered":"<p>Emocje w s\u0142owach. Zatrzymuje mnie moment, uwaga, spojrzenie, sytuacja. Znajd\u0105 si\u0119 tutaj w s\u0142owach. Gdyby co\u015b to mo\u017cna mnie znale\u017a\u0107 tutaj monika@szufladka.com.pl<\/p>\n","protected":false},"author":1,"featured_media":0,"parent":0,"menu_order":0,"comment_status":"open","ping_status":"open","template":"","meta":{"footnotes":""},"class_list":["post-63","page","type-page","status-publish","hentry"],"_links":{"self":[{"href":"https:\/\/szufladka.com.pl\/index.php?rest_route=\/wp\/v2\/pages\/63","targetHints":{"allow":["GET"]}}],"collection":[{"href":"https:\/\/szufladka.com.pl\/index.php?rest_route=\/wp\/v2\/pages"}],"about":[{"href":"https:\/\/szufladka.com.pl\/index.php?rest_route=\/wp\/v2\/types\/page"}],"author":[{"embeddable":true,"href":"https:\/\/szufladka.com.pl\/index.php?rest_route=\/wp\/v2\/users\/1"}],"replies":[{"embeddable":true,"href":"https:\/\/szufladka.com.pl\/index.php?rest_route=%2Fwp%2Fv2%2Fcomments&post=63"}],"version-history":[{"count":5,"href":"https:\/\/szufladka.com.pl\/index.php?rest_route=\/wp\/v2\/pages\/63\/revisions"}],"predecessor-version":[{"id":173,"href":"https:\/\/szufladka.com.pl\/index.php?rest_route=\/wp\/v2\/pages\/63\/revisions\/173"}],"wp:attachment":[{"href":"https:\/\/szufladka.com.pl\/index.php?rest_route=%2Fwp%2Fv2%2Fmedia&parent=63"}],"curies":[{"name":"wp","href":"https:\/\/api.w.org\/{rel}","templated":true}]}}